{"id":429,"date":"2024-08-24T00:46:27","date_gmt":"2024-08-23T23:46:27","guid":{"rendered":"https:\/\/teckel-rajcanin.com\/?page_id=429"},"modified":"2024-11-15T09:13:18","modified_gmt":"2024-11-15T08:13:18","slug":"cachorros-teckel-dachshund","status":"publish","type":"page","link":"https:\/\/teckel-rajcanin.com\/en\/cachorros-teckel-dachshund\/","title":{"rendered":"Wirehaired Kaninchen Dachshund Puppies"},"content":{"rendered":"<div class=\"wp-block-group has-global-padding is-layout-constrained wp-block-group-is-layout-constrained\">\n<h1 class=\"wp-block-heading has-text-align-left\" style=\"margin-top:0;margin-bottom:var(--wp--preset--spacing--small);font-size:clamp(18.959px, 1.185rem + ((1vw - 3.2px) * 0.977), 30px);\">RAJ Canin FCI: Your Trusted Partner in Choosing Your New Puppy<\/h1>\n\n\n\n<div class=\"wp-block-columns is-layout-flex wp-container-core-columns-is-layout-d7d455e7 wp-block-columns-is-layout-flex\" style=\"padding-top:0;padding-right:0;padding-bottom:0;padding-left:0\">\n<div class=\"wp-block-column is-vertically-aligned-center is-layout-flow wp-block-column-is-layout-flow\" style=\"padding-top:0;padding-bottom:0;flex-basis:50%\">\n<figure class=\"wp-block-image alignwide size-full\"><img loading=\"lazy\" decoding=\"async\" width=\"1999\" height=\"1333\" src=\"https:\/\/teckel-rajcanin.com\/wp-content\/uploads\/2024\/08\/wp-17244532368114738283743349754627.jpg\" alt=\"RAJ Canin FCI: Tu Compa\u00f1ero de Confianza en la Elecci\u00f3n de tu Nuevo Cachorro\" class=\"wp-image-430\" srcset=\"https:\/\/teckel-rajcanin.com\/wp-content\/uploads\/2024\/08\/wp-17244532368114738283743349754627.jpg 1999w, https:\/\/teckel-rajcanin.com\/wp-content\/uploads\/2024\/08\/wp-17244532368114738283743349754627-300x200.jpg 300w, https:\/\/teckel-rajcanin.com\/wp-content\/uploads\/2024\/08\/wp-17244532368114738283743349754627-1024x683.jpg 1024w, https:\/\/teckel-rajcanin.com\/wp-content\/uploads\/2024\/08\/wp-17244532368114738283743349754627-18x12.jpg 18w\" sizes=\"auto, (max-width: 1999px) 100vw, 1999px\" \/><\/figure>\n<\/div>\n\n\n\n<div class=\"wp-block-column is-vertically-aligned-center is-layout-flow wp-block-column-is-layout-flow\" style=\"padding-left:0rem;flex-basis:50%\">\n<p>At RAJ Canin FCI, we know that the decision to integrate a new member into your family is a significant step that involves many emotions and considerations.<\/p>\n\n\n\n<p>It's not just a question of choosing between Dachshund puppies, but of <strong>finding a life partner that fits perfectly with your home, your expectations and your lifestyle<\/strong>. <\/p>\n\n\n\n<p>For this reason, in our kennel we strive to provide you with a comprehensive service that includes <strong>guidance, support and transparency at every stage of the process of selecting and acquiring your puppy<\/strong>.<\/p>\n<\/div>\n<\/div>\n<\/div>\n\n\n\n<div style=\"height:25px\" aria-hidden=\"true\" class=\"wp-block-spacer\"><\/div>\n\n\n\n<div class=\"wp-block-group alignfull has-background has-global-padding is-layout-constrained wp-container-core-group-is-layout-4383d167 wp-block-group-is-layout-constrained\" style=\"background-color:#baad9b3b\">\n<h2 class=\"wp-block-heading has-text-align-center has-text-color\" style=\"color:#ba986a;margin-top:0;margin-right:0;margin-bottom:0;margin-left:0;padding-top:var(--wp--preset--spacing--x-small);padding-right:0;padding-left:0;font-size:clamp(18.959px, 1.185rem + ((1vw - 3.2px) * 0.977), 30px);font-style:normal;font-weight:700\"> <strong><em>RAJ Canin FCI provides guidance, support and transparency at every stage of the process of selecting and acquiring your puppy<\/em><\/strong><\/h2>\n<\/div>\n\n\n\n<div class=\"wp-block-group has-global-padding is-layout-constrained wp-block-group-is-layout-constrained\">\n<h1 class=\"wp-block-heading has-text-align-left\" style=\"margin-top:var(--wp--preset--spacing--small);margin-bottom:var(--wp--preset--spacing--small);font-size:clamp(18.959px, 1.185rem + ((1vw - 3.2px) * 0.977), 30px);\">Personalised Advice and Choice Support<\/h1>\n\n\n\n<div class=\"wp-block-columns is-layout-flex wp-container-core-columns-is-layout-d7d455e7 wp-block-columns-is-layout-flex\" style=\"padding-top:0;padding-right:0;padding-bottom:0;padding-left:0\">\n<div class=\"wp-block-column is-vertically-aligned-center is-layout-flow wp-block-column-is-layout-flow\" style=\"padding-top:0;padding-bottom:0;flex-basis:50%\">\n<figure class=\"wp-block-image alignwide size-full\"><img loading=\"lazy\" decoding=\"async\" width=\"1008\" height=\"757\" src=\"https:\/\/teckel-rajcanin.com\/wp-content\/uploads\/2024\/08\/wp-17244541325753224411429782248415.jpg\" alt=\"Asesoramiento Personalizado y Acompa\u00f1amiento en la Elecci\u00f3n de tu cachorro de Teckel kaninchen de pelo duro\" class=\"wp-image-435\" srcset=\"https:\/\/teckel-rajcanin.com\/wp-content\/uploads\/2024\/08\/wp-17244541325753224411429782248415.jpg 1008w, https:\/\/teckel-rajcanin.com\/wp-content\/uploads\/2024\/08\/wp-17244541325753224411429782248415-300x225.jpg 300w, https:\/\/teckel-rajcanin.com\/wp-content\/uploads\/2024\/08\/wp-17244541325753224411429782248415-16x12.jpg 16w\" sizes=\"auto, (max-width: 1008px) 100vw, 1008px\" \/><\/figure>\n<\/div>\n\n\n\n<div class=\"wp-block-column is-vertically-aligned-center is-layout-flow wp-block-column-is-layout-flow\" style=\"padding-left:0rem;flex-basis:50%\">\n<p>At RAJ Canin FCI we know that <strong>each family is unique and that each dog has characteristics that make it special.<\/strong>. From the very first contact, we take the time necessary to <strong>know you, understand your circumstances, needs and desires<\/strong>. We listen to your questions, concerns and expectations, with <strong>the aim of helping you to identify the puppy that best suited to your environment.<\/strong><\/p>\n\n\n\n<p>We will guide you through the<strong> space, exercise and care requirements, as well as their behavioural peculiarities<\/strong>. In addition, we will provide you with <strong>practical advice on how to integrate your puppy into its new home<\/strong>, making the transition easier for both, you and the new member of the family.<\/p>\n<\/div>\n<\/div>\n<\/div>\n\n\n\n<div class=\"wp-block-group has-global-padding is-layout-constrained wp-block-group-is-layout-constrained\">\n<h1 class=\"wp-block-heading has-text-align-left\" style=\"margin-top:var(--wp--preset--spacing--small);margin-bottom:var(--wp--preset--spacing--small);font-size:clamp(18.959px, 1.185rem + ((1vw - 3.2px) * 0.977), 30px);\">Commitment to Health and Quality: Genetics, Morphology and Hunting<\/h1>\n\n\n\n<div class=\"wp-block-columns is-layout-flex wp-container-core-columns-is-layout-d7d455e7 wp-block-columns-is-layout-flex\" style=\"padding-top:0;padding-right:0;padding-bottom:0;padding-left:0\">\n<div class=\"wp-block-column is-vertically-aligned-center is-layout-flow wp-block-column-is-layout-flow\" style=\"padding-top:0;padding-bottom:0;flex-basis:50%\">\n<figure class=\"wp-block-image aligncenter size-full\"><img loading=\"lazy\" decoding=\"async\" width=\"986\" height=\"704\" src=\"https:\/\/teckel-rajcanin.com\/wp-content\/uploads\/2024\/08\/wp-17244555710207080297296448646610-e1724455623467.jpg\" alt=\"Compromiso con la Salud y la Calidad: Gen\u00e9tica, Morfolog\u00eda y Trabajo del teckel kaninchen de pelo duro\" class=\"wp-image-440\" style=\"object-fit:cover\" srcset=\"https:\/\/teckel-rajcanin.com\/wp-content\/uploads\/2024\/08\/wp-17244555710207080297296448646610-e1724455623467.jpg 986w, https:\/\/teckel-rajcanin.com\/wp-content\/uploads\/2024\/08\/wp-17244555710207080297296448646610-e1724455623467-300x214.jpg 300w, https:\/\/teckel-rajcanin.com\/wp-content\/uploads\/2024\/08\/wp-17244555710207080297296448646610-e1724455623467-768x548.jpg 768w, https:\/\/teckel-rajcanin.com\/wp-content\/uploads\/2024\/08\/wp-17244555710207080297296448646610-e1724455623467-18x12.jpg 18w\" sizes=\"auto, (max-width: 986px) 100vw, 986px\" \/><\/figure>\n<\/div>\n\n\n\n<div class=\"wp-block-column is-vertically-aligned-center is-layout-flow wp-block-column-is-layout-flow\" style=\"padding-left:0rem;flex-basis:50%\">\n<p>At RAJ Canin FCI, the health and well-being of our dogs are our top priorities. <strong>As responsible breeders, we understand that the genetic quality of our dogs is essential to ensure that the puppies we offer are free of hereditary diseases and enjoy a healthy life<\/strong>. For this reason, all our breeding dogs are subjected to exhaustive genetic testing to ensure that they are free of congenital diseases. <strong>This allows us to offer you puppies with a high probability of developing a healthy life and without health problems related to genetics.<\/strong><\/p>\n\n\n\n<p>But our dedication to excellence does not stop at genetic health. <strong>We also care about the morphological and functional quality of our dogs<\/strong>. <\/p>\n<\/div>\n\n\n\n<div class=\"wp-block-column is-layout-flow wp-block-column-is-layout-flow\"><\/div>\n<\/div>\n\n\n\n<p class=\"has-text-align-left\"><strong>We actively participate in National and International dog shows<\/strong>, where our dogs are evaluated for their adherence to breed standards.<\/p>\n\n\n\n<p>Furthermore, <strong>our dogs take part in working trials<\/strong>,<strong> where their ability to perform specific tasks and their behaviour in hunting situations is assessed<\/strong>. These tests are essential to ensure that our dogs not only have an excellent morphology, but that they also <strong>possess the temperament and functional ability expected of their breed<\/strong>.<\/p>\n<\/div>\n\n\n\n<div style=\"height:25px\" aria-hidden=\"true\" class=\"wp-block-spacer\"><\/div>\n\n\n\n<div class=\"wp-block-group alignfull has-background has-global-padding is-layout-constrained wp-container-core-group-is-layout-4383d167 wp-block-group-is-layout-constrained\" style=\"background-color:#baad9b3b\">\n<h2 class=\"wp-block-heading has-text-align-center has-text-color\" style=\"color:#ba986a;margin-right:0;margin-bottom:0;margin-left:0;padding-top:var(--wp--preset--spacing--x-small);padding-right:0;padding-left:0;font-size:clamp(18.959px, 1.185rem + ((1vw - 3.2px) * 0.977), 30px);font-style:normal;font-weight:700\"><strong><em>The puppies we offer are not only aesthetically pleasing, but also mentally and physically fit for an active and balanced life<\/em><\/strong><\/h2>\n<\/div>\n\n\n\n<div class=\"wp-block-group has-global-padding is-layout-constrained wp-block-group-is-layout-constrained\">\n<h1 class=\"wp-block-heading has-text-align-left\" style=\"margin-top:var(--wp--preset--spacing--small);margin-bottom:var(--wp--preset--spacing--small);font-size:clamp(18.959px, 1.185rem + ((1vw - 3.2px) * 0.977), 30px);\">Complete and Transparent Documentation: Guarantee of Confidence<\/h1>\n\n\n\n<div class=\"wp-block-columns is-layout-flex wp-container-core-columns-is-layout-d7d455e7 wp-block-columns-is-layout-flex\" style=\"padding-top:0;padding-right:0;padding-bottom:0;padding-left:0\">\n<div class=\"wp-block-column is-vertically-aligned-center is-layout-flow wp-block-column-is-layout-flow\" style=\"padding-top:0;padding-bottom:0;flex-basis:50%\">\n<figure class=\"wp-block-image aligncenter size-full\"><img loading=\"lazy\" decoding=\"async\" width=\"1999\" height=\"1333\" src=\"https:\/\/teckel-rajcanin.com\/wp-content\/uploads\/2024\/08\/wp-17244541030568081134462267955215.jpg\" alt=\"Documentaci\u00f3n Completa y Transparente: Garant\u00eda de Confianza en la venta de cachorros de teckel de pelo duro\" class=\"wp-image-433\" style=\"object-fit:cover\" srcset=\"https:\/\/teckel-rajcanin.com\/wp-content\/uploads\/2024\/08\/wp-17244541030568081134462267955215.jpg 1999w, https:\/\/teckel-rajcanin.com\/wp-content\/uploads\/2024\/08\/wp-17244541030568081134462267955215-300x200.jpg 300w, https:\/\/teckel-rajcanin.com\/wp-content\/uploads\/2024\/08\/wp-17244541030568081134462267955215-1024x683.jpg 1024w, https:\/\/teckel-rajcanin.com\/wp-content\/uploads\/2024\/08\/wp-17244541030568081134462267955215-18x12.jpg 18w\" sizes=\"auto, (max-width: 1999px) 100vw, 1999px\" \/><\/figure>\n<\/div>\n\n\n\n<div class=\"wp-block-column is-vertically-aligned-center is-layout-flow wp-block-column-is-layout-flow\" style=\"padding-left:0rem;flex-basis:50%\">\n<p>In RAJ Canin FCI,<strong> we value transparency <\/strong>in all our interactions and transactions. We understand that when acquiring a puppy, <strong>you are looking for security and confidence in its origin and in the quality of the healthcare it has received since its birth<\/strong>. That's why, when you buy a puppy from our kennel, we will provide you with all the necessary documentation to support your decision and give you the peace of mind you deserve. <\/p>\n\n\n\n<p>The documents you will receive with your puppy include:<\/p>\n<\/div>\n<\/div>\n\n\n\n<div class=\"wp-block-group alignfull has-global-padding is-layout-constrained wp-block-group-is-layout-constrained\" style=\"margin-top:0px\">\n<div style=\"height:21px\" aria-hidden=\"true\" class=\"wp-block-spacer\"><\/div>\n\n\n\n<div class=\"wp-block-columns has-smaller-left-margin is-layout-flex wp-container-core-columns-is-layout-28f84493 wp-block-columns-is-layout-flex\">\n<div class=\"wp-block-column is-style-shadow has-background-background-color has-background is-layout-flow wp-container-core-column-is-layout-dba16a7e wp-block-column-is-layout-flow\" style=\"padding-top:0;padding-right:0;padding-bottom:0;padding-left:0\">\n<div class=\"wp-block-group has-background-color has-text-color has-background is-layout-flow wp-block-group-is-layout-flow\" style=\"border-top-left-radius:20px;border-top-right-radius:20px;background-color:#baad9b3b;padding-top:20px;padding-right:30px;padding-bottom:20px;padding-left:30px\">\n<h2 class=\"wp-block-heading has-text-align-center has-text-color has-medium-font-size\" style=\"color:#ba986a\"><strong><mark style=\"background-color:rgba(0, 0, 0, 0);color:#ba986a\" class=\"has-inline-color\">FCI Pedigree<\/mark><\/strong><\/h2>\n<\/div>\n\n\n\n<div class=\"wp-block-group is-layout-flow wp-container-core-group-is-layout-48570acc wp-block-group-is-layout-flow\" style=\"border-style:none;border-width:0px;padding-top:var(--wp--preset--spacing--x-small);padding-right:var(--wp--preset--spacing--x-small);padding-bottom:var(--wp--preset--spacing--x-small);padding-left:var(--wp--preset--spacing--x-small)\">\n<p class=\"has-text-align-left has-small-font-size\">This document is essential, as it <strong>certifies the purity of your puppy's breed and provides a detailed record of its lineage<\/strong>. The FCI Pedigree is the guarantee that your dog meets international breed standards.<\/p>\n<\/div>\n<\/div>\n\n\n\n<div class=\"wp-block-column is-style-shadow has-background-background-color has-background is-layout-flow wp-container-core-column-is-layout-dba16a7e wp-block-column-is-layout-flow\" style=\"padding-top:0;padding-right:0;padding-bottom:0;padding-left:0\">\n<div class=\"wp-block-group has-background-color has-text-color has-background is-layout-flow wp-block-group-is-layout-flow\" style=\"border-top-left-radius:20px;border-top-right-radius:20px;background-color:#baad9b3b;padding-top:20px;padding-right:30px;padding-bottom:20px;padding-left:30px\">\n<h2 class=\"wp-block-heading has-text-align-center has-text-color has-medium-font-size\" style=\"color:#ba986a\"><strong><mark style=\"background-color:rgba(0, 0, 0, 0);color:#ba986a\" class=\"has-inline-color\">European Passport<\/mark><\/strong><\/h2>\n<\/div>\n\n\n\n<div class=\"wp-block-group is-layout-flow wp-container-core-group-is-layout-48570acc wp-block-group-is-layout-flow\" style=\"border-style:none;border-width:0px;padding-top:var(--wp--preset--spacing--x-small);padding-right:var(--wp--preset--spacing--x-small);padding-bottom:var(--wp--preset--spacing--x-small);padding-left:var(--wp--preset--spacing--x-small)\">\n<p class=\"has-text-align-left has-small-font-size\">This booklet will record all the <strong>vaccinations, microchip and parasite control that the puppy has received<\/strong>, ensuring that he is up to date with his health programme and ready to start his life with you.<\/p>\n<\/div>\n<\/div>\n<\/div>\n\n\n\n<div class=\"wp-block-columns has-smaller-left-margin is-layout-flex wp-container-core-columns-is-layout-28f84493 wp-block-columns-is-layout-flex\">\n<div class=\"wp-block-column is-style-shadow has-background-background-color has-background is-layout-flow wp-container-core-column-is-layout-dba16a7e wp-block-column-is-layout-flow\" style=\"padding-top:0;padding-right:0;padding-bottom:0;padding-left:0\">\n<div class=\"wp-block-group has-background-color has-text-color has-background is-layout-flow wp-block-group-is-layout-flow\" style=\"border-top-left-radius:20px;border-top-right-radius:20px;background-color:#baad9b3b;padding-top:20px;padding-right:30px;padding-bottom:20px;padding-left:30px\">\n<h2 class=\"wp-block-heading has-text-align-center has-text-color has-medium-font-size\" style=\"color:#ba986a\"><strong><mark style=\"background-color:rgba(0, 0, 0, 0);color:#ba986a\" class=\"has-inline-color\">Health Certificate<\/mark><\/strong><\/h2>\n<\/div>\n\n\n\n<div class=\"wp-block-group is-layout-flow wp-container-core-group-is-layout-48570acc wp-block-group-is-layout-flow\" style=\"border-style:none;border-width:0px;padding-top:var(--wp--preset--spacing--x-small);padding-right:var(--wp--preset--spacing--x-small);padding-bottom:var(--wp--preset--spacing--x-small);padding-left:var(--wp--preset--spacing--x-small)\">\n<p class=\"has-text-align-left has-small-font-size\">We will deliver the <strong>results of the genetic tests carried out on the puppy's parents<\/strong>, as well as a <strong>detailed veterinary report on the puppy's state of health at the time of handover<\/strong>. These certificates are tangible proof of our commitment to the health and well-being of our dogs.<\/p>\n<\/div>\n<\/div>\n\n\n\n<div class=\"wp-block-column is-style-shadow has-background-background-color has-background is-layout-flow wp-container-core-column-is-layout-dba16a7e wp-block-column-is-layout-flow\" style=\"padding-top:0;padding-right:0;padding-bottom:0;padding-left:0\">\n<div class=\"wp-block-group has-background-color has-text-color has-background is-layout-flow wp-block-group-is-layout-flow\" style=\"border-top-left-radius:20px;border-top-right-radius:20px;background-color:#baad9b3b;padding-top:20px;padding-right:30px;padding-bottom:20px;padding-left:30px\">\n<h2 class=\"wp-block-heading has-text-align-center has-text-color has-medium-font-size\" style=\"color:#ba986a\"><strong><mark style=\"background-color:rgba(0, 0, 0, 0);color:#ba986a\" class=\"has-inline-color\">Assignment contract<\/mark><\/strong><\/h2>\n<\/div>\n\n\n\n<div class=\"wp-block-group is-layout-flow wp-container-core-group-is-layout-48570acc wp-block-group-is-layout-flow\" style=\"border-style:none;border-width:0px;padding-top:var(--wp--preset--spacing--x-small);padding-right:var(--wp--preset--spacing--x-small);padding-bottom:var(--wp--preset--spacing--x-small);padding-left:var(--wp--preset--spacing--x-small)\">\n<p class=\"has-text-align-left has-small-font-size\">This document <strong>formalises the transaction and details all the conditions of the assignment, including the guarantees and commitments of both parties.<\/strong> At RAJ Canin FCI, we make sure that everything is clear and well documented to avoid possible misunderstandings.<\/p>\n<\/div>\n<\/div>\n\n\n\n<div class=\"wp-block-column is-style-shadow has-background-background-color has-background is-layout-flow wp-container-core-column-is-layout-dba16a7e wp-block-column-is-layout-flow\" style=\"padding-top:0;padding-right:0;padding-bottom:0;padding-left:0\">\n<div class=\"wp-block-group has-background-color has-text-color has-background is-layout-flow wp-block-group-is-layout-flow\" style=\"border-top-left-radius:20px;border-top-right-radius:20px;background-color:#baad9b3b;padding-top:20px;padding-right:30px;padding-bottom:20px;padding-left:30px\">\n<h2 class=\"wp-block-heading has-text-align-center has-text-color has-medium-font-size\" style=\"color:#ba986a\"><strong><mark style=\"background-color:rgba(0, 0, 0, 0);color:#ba986a\" class=\"has-inline-color\">General Care Guidelines<\/mark><\/strong><\/h2>\n<\/div>\n\n\n\n<div class=\"wp-block-group is-layout-flow wp-container-core-group-is-layout-48570acc wp-block-group-is-layout-flow\" style=\"border-style:none;border-width:0px;padding-top:var(--wp--preset--spacing--x-small);padding-right:var(--wp--preset--spacing--x-small);padding-bottom:var(--wp--preset--spacing--x-small);padding-left:var(--wp--preset--spacing--x-small)\">\n<p class=\"has-text-align-left has-small-font-size\">To help you through the first few days with your puppy, we will provide you with a <strong>detailed guide with tips on feeding, exercise, basic training and general care<\/strong>. We want you to feel ready to welcome your new friend and give them the best start in their new life.<\/p>\n<\/div>\n<\/div>\n<\/div>\n<\/div>\n<\/div>\n\n\n\n<div class=\"wp-block-group has-global-padding is-layout-constrained wp-block-group-is-layout-constrained\">\n<h1 class=\"wp-block-heading has-text-align-left\" style=\"margin-top:var(--wp--preset--spacing--small);margin-bottom:var(--wp--preset--spacing--small);font-size:clamp(18.959px, 1.185rem + ((1vw - 3.2px) * 0.977), 30px);\">Ongoing Engagement: Post-Delivery Support<\/h1>\n\n\n\n<div class=\"wp-block-columns is-layout-flex wp-container-core-columns-is-layout-d7d455e7 wp-block-columns-is-layout-flex\" style=\"padding-top:0;padding-right:0;padding-bottom:0;padding-left:0\">\n<div class=\"wp-block-column is-vertically-aligned-center is-layout-flow wp-block-column-is-layout-flow\" style=\"padding-top:0;padding-bottom:0;flex-basis:50%\">\n<figure class=\"wp-block-image aligncenter size-full\"><img loading=\"lazy\" decoding=\"async\" width=\"1999\" height=\"1333\" src=\"https:\/\/teckel-rajcanin.com\/wp-content\/uploads\/2024\/08\/wp-17237651851365721198551961871447.jpg\" alt=\"Compromiso Continuo: Apoyo Despu\u00e9s de la Entrega del cachorro de teckel pelo duro consejors, experiencia\" class=\"wp-image-62\" style=\"object-fit:cover\" srcset=\"https:\/\/teckel-rajcanin.com\/wp-content\/uploads\/2024\/08\/wp-17237651851365721198551961871447.jpg 1999w, https:\/\/teckel-rajcanin.com\/wp-content\/uploads\/2024\/08\/wp-17237651851365721198551961871447-300x200.jpg 300w, https:\/\/teckel-rajcanin.com\/wp-content\/uploads\/2024\/08\/wp-17237651851365721198551961871447-1024x683.jpg 1024w, https:\/\/teckel-rajcanin.com\/wp-content\/uploads\/2024\/08\/wp-17237651851365721198551961871447-18x12.jpg 18w\" sizes=\"auto, (max-width: 1999px) 100vw, 1999px\" \/><\/figure>\n<\/div>\n\n\n\n<div class=\"wp-block-column is-vertically-aligned-center is-layout-flow wp-block-column-is-layout-flow\" style=\"padding-left:0rem;flex-basis:50%\">\n<p>Our relationship with you doesn't end when you take your puppy home. At RAJ Canin FCI, <strong>we are committed to providing ongoing support throughout your dog's life<\/strong>. We know that questions or needs may arise over time, and we're here to help you with whatever you need, whether it's with <strong>care advice, dietary recommendations or training tips<\/strong>. We want to make sure that you and your puppy enjoy a full and happy life together.<\/p>\n\n\n\n<p><strong>Thank you for placing your trust in RAJ Canin FCI. We are here to make sure this experience is a memorable and enriching one, providing you with a healthy, balanced puppy ready to brighten your life. <\/strong><\/p>\n<\/div>\n<\/div>\n<\/div>\n\n\n\n<div style=\"height:50px\" aria-hidden=\"true\" class=\"wp-block-spacer\"><\/div>\n\n\n\n<div class=\"wp-block-group alignfull has-background has-global-padding is-layout-constrained wp-container-core-group-is-layout-4383d167 wp-block-group-is-layout-constrained\" style=\"background-color:#baad9b3b\">\n<div style=\"height:var(--wp--preset--spacing--x-small)\" aria-hidden=\"true\" class=\"wp-block-spacer\"><\/div>\n\n\n\n<div class=\"wp-block-columns are-vertically-aligned-center is-layout-flex wp-container-core-columns-is-layout-28f84493 wp-block-columns-is-layout-flex\">\n<div class=\"wp-block-column is-vertically-aligned-center is-layout-flow wp-block-column-is-layout-flow\" style=\"flex-basis:70%\">\n<h2 class=\"wp-block-heading has-text-align-left has-text-color has-large-font-size\" style=\"color:#ba986a;font-style:normal;font-weight:500\">We look forward to being with you on this wonderful adventure!<\/h2>\n<\/div>\n\n\n\n<div class=\"wp-block-column is-vertically-aligned-center is-layout-flow wp-block-column-is-layout-flow\">\n<div class=\"wp-block-buttons wpz-alt-button is-content-justification-space-between is-layout-flex wp-container-core-buttons-is-layout-b2891da8 wp-block-buttons-is-layout-flex\">\n<div class=\"wp-block-button alignright is-style-fill\"><a class=\"wp-block-button__link has-white-color has-text-color has-background wp-element-button\" href=\"https:\/\/teckel-rajcanin.com\/en\/contact-teckel-raj-canin-fci\/\" style=\"background-color:#ba986a\">Contact RAJ Canin FCI<\/a><\/div>\n<\/div>\n<\/div>\n<\/div>\n\n\n\n<div style=\"height:40px\" aria-hidden=\"true\" class=\"wp-block-spacer\"><\/div>\n<\/div>","protected":false},"excerpt":{"rendered":"<p>RAJ Canin FCI: Tu Compa\u00f1ero de Confianza en la Elecci\u00f3n de tu Nuevo Cachorro En RAJ Canin FCI, sabemos que la decisi\u00f3n de integrar un nuevo miembro a tu familia es un paso significativo que involucra muchas emociones y consideraciones. No se trata simplemente de elegir entre cachorros de Teckel, sino de encontrar un compa\u00f1ero &hellip; <\/p>\n<p class=\"link-more\"><a href=\"https:\/\/teckel-rajcanin.com\/en\/cachorros-teckel-dachshund\/\" class=\"more-link\">Read more<span class=\"screen-reader-text\"> \u00abCachorros Teckel Kaninchen Pelo Duro\u00bb<\/span><\/a><\/p>","protected":false},"author":1,"featured_media":0,"parent":0,"menu_order":0,"comment_status":"closed","ping_status":"closed","template":"","meta":{"om_disable_all_campaigns":false,"_monsterinsights_skip_tracking":false,"_monsterinsights_sitenote_active":false,"_monsterinsights_sitenote_note":"","_monsterinsights_sitenote_category":0,"_uf_show_specific_survey":0,"_uf_disable_surveys":false,"footnotes":""},"class_list":["post-429","page","type-page","status-publish","hentry"],"aioseo_notices":[],"_links":{"self":[{"href":"https:\/\/teckel-rajcanin.com\/en\/wp-json\/wp\/v2\/pages\/429","targetHints":{"allow":["GET"]}}],"collection":[{"href":"https:\/\/teckel-rajcanin.com\/en\/wp-json\/wp\/v2\/pages"}],"about":[{"href":"https:\/\/teckel-rajcanin.com\/en\/wp-json\/wp\/v2\/types\/page"}],"author":[{"embeddable":true,"href":"https:\/\/teckel-rajcanin.com\/en\/wp-json\/wp\/v2\/users\/1"}],"replies":[{"embeddable":true,"href":"https:\/\/teckel-rajcanin.com\/en\/wp-json\/wp\/v2\/comments?post=429"}],"version-history":[{"count":67,"href":"https:\/\/teckel-rajcanin.com\/en\/wp-json\/wp\/v2\/pages\/429\/revisions"}],"predecessor-version":[{"id":780,"href":"https:\/\/teckel-rajcanin.com\/en\/wp-json\/wp\/v2\/pages\/429\/revisions\/780"}],"wp:attachment":[{"href":"https:\/\/teckel-rajcanin.com\/en\/wp-json\/wp\/v2\/media?parent=429"}],"curies":[{"name":"wp","href":"https:\/\/api.w.org\/{rel}","templated":true}]}}