{"id":782,"date":"2024-12-09T23:58:34","date_gmt":"2024-12-09T22:58:34","guid":{"rendered":"https:\/\/teckel-rajcanin.com\/?page_id=782"},"modified":"2025-04-03T09:49:18","modified_gmt":"2025-04-03T08:49:18","slug":"camada-teckel-kaninchen-pelo-duro","status":"publish","type":"page","link":"https:\/\/teckel-rajcanin.com\/en\/camada-teckel-kaninchen-pelo-duro\/","title":{"rendered":"Litters Kaninchen Wirehaired Dachshunds"},"content":{"rendered":"<div class=\"wp-block-group has-global-padding is-layout-constrained wp-block-group-is-layout-constrained\">\n<p>In this section of <strong>RAJ Canin FCI<\/strong>, we invite you to explore our litters, where you can see pictures of the available puppies and their parents. Here you will find details of each litter, including the lineage of the parents, their health history and the characteristics that our puppies inherit.<\/p>\n\n\n\n<p>Each photo and description will allow you to get to know our puppies and <a href=\"https:\/\/teckel-rajcanin.com\/en\/la-eleccion-del-cachorro-test-de-campbell\/\" target=\"_blank\" rel=\"noopener\" title=\"\">assess which one could become the ideal puppy for you and your family<\/a>. We pride ourselves on breeding with care and dedication, ensuring the welfare and quality of each litter. <strong>Explore our puppies and find the puppy you are looking for!<\/strong><\/p>\n\n\n\n<div style=\"height:7px\" aria-hidden=\"true\" class=\"wp-block-spacer\"><\/div>\n<\/div>\n\n\n\n\n\n\n\n\n\n\n\n<div style=\"height:24px\" aria-hidden=\"true\" class=\"wp-block-spacer\"><\/div>\n\n\n\n<div class=\"wp-block-group alignfull has-background has-global-padding is-layout-constrained wp-container-core-group-is-layout-4383d167 wp-block-group-is-layout-constrained\" style=\"background-color:#baad9b3b\">\n<div style=\"height:var(--wp--preset--spacing--x-small)\" aria-hidden=\"true\" class=\"wp-block-spacer\"><\/div>\n\n\n\n<div class=\"wp-block-columns are-vertically-aligned-center is-layout-flex wp-container-core-columns-is-layout-28f84493 wp-block-columns-is-layout-flex\">\n<div class=\"wp-block-column is-vertically-aligned-center is-layout-flow wp-block-column-is-layout-flow\" style=\"flex-basis:70%\">\n<h2 class=\"wp-block-heading has-text-align-left has-text-color has-large-font-size\" style=\"color:#ba986a;font-style:normal;font-weight:500\">We look forward to being with you on this wonderful adventure!<\/h2>\n<\/div>\n\n\n\n<div class=\"wp-block-column is-vertically-aligned-center is-layout-flow wp-block-column-is-layout-flow\">\n<div class=\"wp-block-buttons wpz-alt-button is-content-justification-space-between is-layout-flex wp-container-core-buttons-is-layout-b2891da8 wp-block-buttons-is-layout-flex\">\n<div class=\"wp-block-button alignright is-style-fill\"><a class=\"wp-block-button__link has-white-color has-text-color has-background wp-element-button\" href=\"https:\/\/teckel-rajcanin.com\/en\/contact-teckel-raj-canin-fci\/\" style=\"background-color:#ba986a\">Contact RAJ Canin FCI<\/a><\/div>\n<\/div>\n<\/div>\n<\/div>\n\n\n\n<div style=\"height:32px\" aria-hidden=\"true\" class=\"wp-block-spacer\"><\/div>\n<\/div>","protected":false},"excerpt":{"rendered":"<p>En esta secci\u00f3n de RAJ Canin FCI, te invitamos a explorar nuestras camadas, donde podr\u00e1s ver im\u00e1genes de los cachorros disponibles junto a sus progenitores. Aqu\u00ed encontrar\u00e1s detalles de cada camada, incluyendo el linaje de los padres, su historial de salud y las caracter\u00edsticas que heredan nuestros cachorros. Cada foto y descripci\u00f3n te permitir\u00e1 conocer &hellip; <\/p>\n<p class=\"link-more\"><a href=\"https:\/\/teckel-rajcanin.com\/en\/camada-teckel-kaninchen-pelo-duro\/\" class=\"more-link\">Read more<span class=\"screen-reader-text\"> \u00abCamadas Teckel Kaninchen Pelo Duro\u00bb<\/span><\/a><\/p>","protected":false},"author":1,"featured_media":0,"parent":0,"menu_order":0,"comment_status":"closed","ping_status":"closed","template":"","meta":{"om_disable_all_campaigns":false,"_monsterinsights_skip_tracking":false,"_monsterinsights_sitenote_active":false,"_monsterinsights_sitenote_note":"","_monsterinsights_sitenote_category":0,"_uf_show_specific_survey":0,"_uf_disable_surveys":false,"footnotes":""},"class_list":["post-782","page","type-page","status-publish","hentry"],"aioseo_notices":[],"_links":{"self":[{"href":"https:\/\/teckel-rajcanin.com\/en\/wp-json\/wp\/v2\/pages\/782","targetHints":{"allow":["GET"]}}],"collection":[{"href":"https:\/\/teckel-rajcanin.com\/en\/wp-json\/wp\/v2\/pages"}],"about":[{"href":"https:\/\/teckel-rajcanin.com\/en\/wp-json\/wp\/v2\/types\/page"}],"author":[{"embeddable":true,"href":"https:\/\/teckel-rajcanin.com\/en\/wp-json\/wp\/v2\/users\/1"}],"replies":[{"embeddable":true,"href":"https:\/\/teckel-rajcanin.com\/en\/wp-json\/wp\/v2\/comments?post=782"}],"version-history":[{"count":58,"href":"https:\/\/teckel-rajcanin.com\/en\/wp-json\/wp\/v2\/pages\/782\/revisions"}],"predecessor-version":[{"id":907,"href":"https:\/\/teckel-rajcanin.com\/en\/wp-json\/wp\/v2\/pages\/782\/revisions\/907"}],"wp:attachment":[{"href":"https:\/\/teckel-rajcanin.com\/en\/wp-json\/wp\/v2\/media?parent=782"}],"curies":[{"name":"wp","href":"https:\/\/api.w.org\/{rel}","templated":true}]}}